{"id":385,"date":"2026-01-04T23:43:47","date_gmt":"2026-01-04T23:43:47","guid":{"rendered":"https:\/\/invictoengcon.com.br\/?page_id=385"},"modified":"2026-01-05T00:46:51","modified_gmt":"2026-01-05T00:46:51","slug":"quem-somos","status":"publish","type":"page","link":"https:\/\/invictoengcon.com.br\/?page_id=385","title":{"rendered":"Quem Somos"},"content":{"rendered":"\t\t<div data-elementor-type=\"wp-page\" data-elementor-id=\"385\" class=\"elementor elementor-385\">\n\t\t\t\t\t\t<section class=\"elementor-section elementor-top-section elementor-element elementor-element-92d30a8 elementor-hidden-mobile elementor-section-boxed elementor-section-height-default elementor-section-height-default\" data-id=\"92d30a8\" data-element_type=\"section\" data-e-type=\"section\" data-settings=\"{&quot;background_background&quot;:&quot;classic&quot;}\">\n\t\t\t\t\t\t<div class=\"elementor-container elementor-column-gap-default\">\n\t\t\t\t\t<div class=\"elementor-column elementor-col-50 elementor-top-column elementor-element elementor-element-67747a8\" data-id=\"67747a8\" data-element_type=\"column\" data-e-type=\"column\">\n\t\t\t<div class=\"elementor-widget-wrap elementor-element-populated\">\n\t\t\t\t\t\t<div class=\"elementor-element elementor-element-f144132 elementor-widget__width-initial elementor-widget elementor-widget-image\" data-id=\"f144132\" data-element_type=\"widget\" data-e-type=\"widget\" data-widget_type=\"image.default\">\n\t\t\t\t<div class=\"elementor-widget-container\">\n\t\t\t\t\t\t\t\t\t\t\t\t\t\t\t<img fetchpriority=\"high\" decoding=\"async\" width=\"800\" height=\"520\" src=\"https:\/\/invictoengcon.com.br\/wp-content\/uploads\/2023\/06\/Logo-Invicto-JPG-1024x665.jpg\" class=\"attachment-large size-large wp-image-169\" alt=\"\" srcset=\"https:\/\/invictoengcon.com.br\/wp-content\/uploads\/2023\/06\/Logo-Invicto-JPG-1024x665.jpg 1024w, https:\/\/invictoengcon.com.br\/wp-content\/uploads\/2023\/06\/Logo-Invicto-JPG-300x195.jpg 300w, https:\/\/invictoengcon.com.br\/wp-content\/uploads\/2023\/06\/Logo-Invicto-JPG-768x499.jpg 768w, https:\/\/invictoengcon.com.br\/wp-content\/uploads\/2023\/06\/Logo-Invicto-JPG-1536x998.jpg 1536w, https:\/\/invictoengcon.com.br\/wp-content\/uploads\/2023\/06\/Logo-Invicto-JPG-2048x1331.jpg 2048w\" sizes=\"(max-width: 800px) 100vw, 800px\" \/>\t\t\t\t\t\t\t\t\t\t\t\t\t\t\t<\/div>\n\t\t\t\t<\/div>\n\t\t\t\t\t<\/div>\n\t\t<\/div>\n\t\t\t\t<div class=\"elementor-column elementor-col-50 elementor-top-column elementor-element elementor-element-2322cd6\" data-id=\"2322cd6\" data-element_type=\"column\" data-e-type=\"column\">\n\t\t\t<div class=\"elementor-widget-wrap elementor-element-populated\">\n\t\t\t\t\t\t<div class=\"elementor-element elementor-element-edb8bc7 elementor-widget elementor-widget-heading\" data-id=\"edb8bc7\" data-element_type=\"widget\" data-e-type=\"widget\" data-widget_type=\"heading.default\">\n\t\t\t\t<div class=\"elementor-widget-container\">\n\t\t\t\t\t<h2 class=\"elementor-heading-title elementor-size-default\">Solu\u00e7\u00f5es em Engenharia, Constru\u00e7\u00e3o Civil e Servi\u00e7os Especializados<\/h2>\t\t\t\t<\/div>\n\t\t\t\t<\/div>\n\t\t\t\t\t<\/div>\n\t\t<\/div>\n\t\t\t\t\t<\/div>\n\t\t<\/section>\n\t\t\t\t<section class=\"elementor-section elementor-top-section elementor-element elementor-element-91a1fc9 elementor-section-boxed elementor-section-height-default elementor-section-height-default\" data-id=\"91a1fc9\" data-element_type=\"section\" data-e-type=\"section\">\n\t\t\t\t\t\t<div class=\"elementor-container elementor-column-gap-default\">\n\t\t\t\t\t<div class=\"elementor-column elementor-col-50 elementor-top-column elementor-element elementor-element-f2b574b\" data-id=\"f2b574b\" data-element_type=\"column\" data-e-type=\"column\">\n\t\t\t<div class=\"elementor-widget-wrap elementor-element-populated\">\n\t\t\t\t\t\t<div class=\"elementor-element elementor-element-3aa2988 elementor-widget elementor-widget-text-editor\" data-id=\"3aa2988\" data-element_type=\"widget\" data-e-type=\"widget\" data-widget_type=\"text-editor.default\">\n\t\t\t\t<div class=\"elementor-widget-container\">\n\t\t\t\t\t\t\t\t\t<p>Nossa empresa atua no setor da constru\u00e7\u00e3o civil oferecendo <strong>solu\u00e7\u00f5es completas em engenharia<\/strong>, desde o planejamento inicial at\u00e9 a entrega final do empreendimento.<\/p>\n<p>Contamos com <strong>equipe pr\u00f3pria<\/strong>, composta por profissionais altamente capacitados e treinados para atuar em todas as etapas da obra, garantindo excel\u00eancia t\u00e9cnica, efici\u00eancia operacional e total conformidade com as normas vigentes.<\/p>\n<p>Assumimos integralmente <strong>todas as responsabilidades empregat\u00edcias<\/strong>, incluindo recolhimento de impostos, encargos sociais e direitos trabalhistas, proporcionando seguran\u00e7a jur\u00eddica e tranquilidade ao contratante.<\/p>\n<p>Disponibilizamos todos os <strong>equipamentos, ferramentas, acess\u00f3rios e EPI\u2019s necess\u00e1rios<\/strong>, assegurando condi\u00e7\u00f5es adequadas de trabalho e um ambiente seguro para nossos colaboradores e parceiros.<\/p>\n<p>Nossa equipe especializada engloba profissionais como:<\/p>\n<ul><li><strong>Engenheiros civis<\/strong><\/li>\n<li><strong>Pedreiros<\/strong><\/li>\n<li><strong>Eletricistas<\/strong><\/li>\n<li><strong>Encanadores<\/strong><\/li>\n<li><strong>Carpinteiros<\/strong><\/li><\/ul>\n<p><br><\/p>\n<p>Garantimos tamb\u00e9m toda a <strong>responsabilidade t\u00e9cnica<\/strong>, al\u00e9m da <strong>administra\u00e7\u00e3o e gest\u00e3o completa da obra<\/strong>, incluindo controle de materiais, cronograma, qualidade, log\u00edstica e contrata\u00e7\u00e3o de servi\u00e7os terceirizados quando necess\u00e1rio.<\/p>\n<p>Com um modelo de atua\u00e7\u00e3o integrado, oferecemos ao cliente <strong>tranquilidade, seguran\u00e7a, organiza\u00e7\u00e3o, efici\u00eancia e qualidade,<\/strong> conduzindo seu projeto de forma profissional, transparente e eficiente at\u00e9 a conclus\u00e3o.<\/p>\t\t\t\t\t\t\t\t<\/div>\n\t\t\t\t<\/div>\n\t\t\t\t\t<\/div>\n\t\t<\/div>\n\t\t\t\t<div class=\"elementor-column elementor-col-50 elementor-top-column elementor-element elementor-element-4e4f855\" data-id=\"4e4f855\" data-element_type=\"column\" data-e-type=\"column\">\n\t\t\t<div class=\"elementor-widget-wrap elementor-element-populated\">\n\t\t\t\t\t\t<div class=\"elementor-element elementor-element-05e2d4a elementor-widget elementor-widget-image\" data-id=\"05e2d4a\" data-element_type=\"widget\" data-e-type=\"widget\" data-widget_type=\"image.default\">\n\t\t\t\t<div class=\"elementor-widget-container\">\n\t\t\t\t\t\t\t\t\t\t\t\t\t\t\t<img decoding=\"async\" width=\"500\" height=\"334\" src=\"https:\/\/invictoengcon.com.br\/wp-content\/uploads\/2026\/01\/Profissionais-imprescindiveis-para-uma-equipe-de-obra-1.jpg\" class=\"attachment-large size-large wp-image-431\" alt=\"\" srcset=\"https:\/\/invictoengcon.com.br\/wp-content\/uploads\/2026\/01\/Profissionais-imprescindiveis-para-uma-equipe-de-obra-1.jpg 500w, https:\/\/invictoengcon.com.br\/wp-content\/uploads\/2026\/01\/Profissionais-imprescindiveis-para-uma-equipe-de-obra-1-300x200.jpg 300w\" sizes=\"(max-width: 500px) 100vw, 500px\" \/>\t\t\t\t\t\t\t\t\t\t\t\t\t\t\t<\/div>\n\t\t\t\t<\/div>\n\t\t\t\t<div class=\"elementor-element elementor-element-fb94bcd elementor-widget elementor-widget-image\" data-id=\"fb94bcd\" data-element_type=\"widget\" data-e-type=\"widget\" data-widget_type=\"image.default\">\n\t\t\t\t<div class=\"elementor-widget-container\">\n\t\t\t\t\t\t\t\t\t\t\t\t\t\t\t<img decoding=\"async\" width=\"790\" height=\"490\" src=\"https:\/\/invictoengcon.com.br\/wp-content\/uploads\/2026\/01\/image-8.webp\" class=\"attachment-large size-large wp-image-432\" alt=\"\" srcset=\"https:\/\/invictoengcon.com.br\/wp-content\/uploads\/2026\/01\/image-8.webp 790w, https:\/\/invictoengcon.com.br\/wp-content\/uploads\/2026\/01\/image-8-300x186.webp 300w, https:\/\/invictoengcon.com.br\/wp-content\/uploads\/2026\/01\/image-8-768x476.webp 768w\" sizes=\"(max-width: 790px) 100vw, 790px\" \/>\t\t\t\t\t\t\t\t\t\t\t\t\t\t\t<\/div>\n\t\t\t\t<\/div>\n\t\t\t\t\t<\/div>\n\t\t<\/div>\n\t\t\t\t\t<\/div>\n\t\t<\/section>\n\t\t\t\t<section class=\"elementor-section elementor-top-section elementor-element elementor-element-0876b9e elementor-section-boxed elementor-section-height-default elementor-section-height-default\" data-id=\"0876b9e\" data-element_type=\"section\" data-e-type=\"section\">\n\t\t\t\t\t\t<div class=\"elementor-container elementor-column-gap-default\">\n\t\t\t\t\t<div class=\"elementor-column elementor-col-100 elementor-top-column elementor-element elementor-element-7f64e5f\" data-id=\"7f64e5f\" data-element_type=\"column\" data-e-type=\"column\">\n\t\t\t<div class=\"elementor-widget-wrap elementor-element-populated\">\n\t\t\t\t\t\t<div class=\"elementor-element elementor-element-01d7d95 elementor-align-center elementor-widget elementor-widget-button\" data-id=\"01d7d95\" data-element_type=\"widget\" data-e-type=\"widget\" data-widget_type=\"button.default\">\n\t\t\t\t<div class=\"elementor-widget-container\">\n\t\t\t\t\t\t\t\t\t<div class=\"elementor-button-wrapper\">\n\t\t\t\t\t<a class=\"elementor-button elementor-button-link elementor-size-sm\" href=\"https:\/\/invictoengcon.com.br\/#quemsomos\">\n\t\t\t\t\t\t<span class=\"elementor-button-content-wrapper\">\n\t\t\t\t\t\t\t\t\t<span class=\"elementor-button-text\">Voltar<\/span>\n\t\t\t\t\t<\/span>\n\t\t\t\t\t<\/a>\n\t\t\t\t<\/div>\n\t\t\t\t\t\t\t\t<\/div>\n\t\t\t\t<\/div>\n\t\t\t\t\t<\/div>\n\t\t<\/div>\n\t\t\t\t\t<\/div>\n\t\t<\/section>\n\t\t\t\t<\/div>\n\t\t","protected":false},"excerpt":{"rendered":"<p>Solu\u00e7\u00f5es em Engenharia, Constru\u00e7\u00e3o Civil e Servi\u00e7os Especializados Nossa empresa atua no setor da constru\u00e7\u00e3o civil oferecendo solu\u00e7\u00f5es completas em engenharia, desde o planejamento inicial at\u00e9 a entrega final do empreendimento. Contamos com equipe pr\u00f3pria, composta por profissionais altamente capacitados e treinados para atuar em todas as etapas da obra, garantindo excel\u00eancia t\u00e9cnica, efici\u00eancia operacional [&hellip;]<\/p>\n","protected":false},"author":1,"featured_media":0,"parent":0,"menu_order":0,"comment_status":"closed","ping_status":"closed","template":"elementor_canvas","meta":{"footnotes":""},"class_list":["post-385","page","type-page","status-publish","hentry"],"_links":{"self":[{"href":"https:\/\/invictoengcon.com.br\/index.php?rest_route=\/wp\/v2\/pages\/385","targetHints":{"allow":["GET"]}}],"collection":[{"href":"https:\/\/invictoengcon.com.br\/index.php?rest_route=\/wp\/v2\/pages"}],"about":[{"href":"https:\/\/invictoengcon.com.br\/index.php?rest_route=\/wp\/v2\/types\/page"}],"author":[{"embeddable":true,"href":"https:\/\/invictoengcon.com.br\/index.php?rest_route=\/wp\/v2\/users\/1"}],"replies":[{"embeddable":true,"href":"https:\/\/invictoengcon.com.br\/index.php?rest_route=%2Fwp%2Fv2%2Fcomments&post=385"}],"version-history":[{"count":47,"href":"https:\/\/invictoengcon.com.br\/index.php?rest_route=\/wp\/v2\/pages\/385\/revisions"}],"predecessor-version":[{"id":444,"href":"https:\/\/invictoengcon.com.br\/index.php?rest_route=\/wp\/v2\/pages\/385\/revisions\/444"}],"wp:attachment":[{"href":"https:\/\/invictoengcon.com.br\/index.php?rest_route=%2Fwp%2Fv2%2Fmedia&parent=385"}],"curies":[{"name":"wp","href":"https:\/\/api.w.org\/{rel}","templated":true}]}}